{"id":11563,"date":"2016-10-30T14:37:43","date_gmt":"2016-10-30T14:37:43","guid":{"rendered":"http:\/\/www.thedatatouch.com\/?page_id=11563"},"modified":"2017-01-12T23:04:25","modified_gmt":"2017-01-12T23:04:25","slug":"education-services","status":"publish","type":"page","link":"https:\/\/www.thedatatouch.com\/fr\/education-services\/","title":{"rendered":"Prestations acad\u00e9miques"},"content":{"rendered":"[vc_row css=&#8221;.vc_custom_1479835917616{padding-top: -20px !important;}&#8221;][vc_column][vc_column_text css_animation=&#8221;top-to-bottom&#8221;]\n<h2 style=\"text-align: center;\">Prestations acad\u00e9miques<\/h2>\n[\/vc_column_text][\/vc_column][vc_column][vc_column_text css_animation=&#8221;left-to-right&#8221;]\n<p style=\"text-align: center;\">Nous offrons des prestations\u00a0acad\u00e9miques pour les Ecoles de Commerce, d\u2019Ing\u00e9nieurs et les Universit\u00e9s.<br \/>\nNous avons developp\u00e9 deux cursus:<\/p>\n[\/vc_column_text][\/vc_column][\/vc_row][vc_row css=&#8221;.vc_custom_1455930372803{padding-bottom: 40px !important;}&#8221;][vc_column width=&#8221;1\/2&#8243; css=&#8221;.vc_custom_1455930368450{padding-bottom: 40px !important;}&#8221;][vc_column_text css_animation=&#8221;left-to-right&#8221;]Le cursus Digital:<\/p>\n<ul>\n<li>Introduction au digital<\/li>\n<li>Digital marketing, social media inclus<\/li>\n<li>Search engine optimisation<\/li>\n<li>User experience<\/li>\n<li>Design thinking<\/li>\n<\/ul>\n[\/vc_column_text][\/vc_column][vc_column width=&#8221;1\/2&#8243;][vc_column_text css_animation=&#8221;right-to-left&#8221;]Le cursus du Digital Analytics:<\/p>\n<ul>\n<li>Introduction au digital analytics<\/li>\n<li>Applications du digital analytics dans le monde de l\u2019entreprise<\/li>\n<li>La m\u00e9thodologie du digital analytics<\/li>\n<li>Outils et techniques du digital analytics<\/li>\n<li>Comment construire une entreprise dont la prise de d\u00e9cision repose sur des donn\u00e9es robustes\u202f?<\/li>\n<li>Introduction \u00e0 Google Analytics<\/li>\n<li>Cas pratiques<\/li>\n<\/ul>\n[\/vc_column_text][\/vc_column][vc_column][vc_column_text css_animation=&#8221;left-to-right&#8221;]\n<p style=\"text-align: center;\">Sachez qu\u2019il est possible de s\u00e9lectionner tous les modules comme il est aussi possible de faire une s\u00e9lection.<\/p>\n[\/vc_column_text][\/vc_column][\/vc_row][vc_row content_placement=&#8221;middle&#8221; bg_type=&#8221;image&#8221; parallax_style=&#8221;vcpb-vz-jquery&#8221; bg_image_new=&#8221;id^11565|url^http:\/\/www.thedatatouch.com\/wp-content\/uploads\/2016\/10\/Background_Section_education-services_2.jpg|caption^null|alt^null|title^background_section_education-services_2|description^null&#8221; bg_image_repeat=&#8221;no-repeat&#8221; parallax_sense=&#8221;17&#8243; bg_override=&#8221;full&#8221; disable_on_mobile_img_parallax=&#8221;disable_on_mobile_img_parallax_value&#8221; fadeout_row=&#8221;fadeout_row_value&#8221; css=&#8221;.vc_custom_1477838235805{margin-top: 0px !important;margin-bottom: 0px !important;padding-top: 200px !important;padding-bottom: 200px !important;}&#8221;][vc_column][\/vc_column][vc_column][vc_column_text]\n<h2 style=\"text-align: center;\"><span style=\"color: #ffffff;\">Travaillez avec nous pour gagner<\/span><\/h2>\n[\/vc_column_text][\/vc_column][\/vc_row]","protected":false},"excerpt":{"rendered":"<p>[vc_row css=&#8221;.vc_custom_1479835917616{padding-top: -20px !important;}&#8221;][vc_column][vc_column_text css_animation=&#8221;top-to-bottom&#8221;] Prestations acad\u00e9miques [\/vc_column_text][\/vc_column][vc_column][vc_column_text css_animation=&#8221;left-to-right&#8221;] Nous offrons des prestations\u00a0acad\u00e9miques pour les Ecoles de Commerce, d\u2019Ing\u00e9nieurs et les Universit\u00e9s. Nous avons developp\u00e9 deux cursus: [\/vc_column_text][\/vc_column][\/vc_row][vc_row css=&#8221;.vc_custom_1455930372803{padding-bottom: 40px !important;}&#8221;][vc_column width=&#8221;1\/2&#8243; css=&#8221;.vc_custom_1455930368450{padding-bottom: 40px !important;}&#8221;][vc_column_text css_animation=&#8221;left-to-right&#8221;]Le cursus Digital: Introduction au digital Digital marketing, social media inclus Search engine optimisation User experience Design thinking [\/vc_column_text][\/vc_column][vc_column width=&#8221;1\/2&#8243;][vc_column_text [&hellip;]<\/p>\n","protected":false},"author":1,"featured_media":0,"parent":0,"menu_order":0,"comment_status":"closed","ping_status":"closed","template":"","meta":{"footnotes":""},"class_list":["post-11563","page","type-page","status-publish","hentry"],"_links":{"self":[{"href":"https:\/\/www.thedatatouch.com\/fr\/wp-json\/wp\/v2\/pages\/11563","targetHints":{"allow":["GET"]}}],"collection":[{"href":"https:\/\/www.thedatatouch.com\/fr\/wp-json\/wp\/v2\/pages"}],"about":[{"href":"https:\/\/www.thedatatouch.com\/fr\/wp-json\/wp\/v2\/types\/page"}],"author":[{"embeddable":true,"href":"https:\/\/www.thedatatouch.com\/fr\/wp-json\/wp\/v2\/users\/1"}],"replies":[{"embeddable":true,"href":"https:\/\/www.thedatatouch.com\/fr\/wp-json\/wp\/v2\/comments?post=11563"}],"version-history":[{"count":11,"href":"https:\/\/www.thedatatouch.com\/fr\/wp-json\/wp\/v2\/pages\/11563\/revisions"}],"predecessor-version":[{"id":11912,"href":"https:\/\/www.thedatatouch.com\/fr\/wp-json\/wp\/v2\/pages\/11563\/revisions\/11912"}],"wp:attachment":[{"href":"https:\/\/www.thedatatouch.com\/fr\/wp-json\/wp\/v2\/media?parent=11563"}],"curies":[{"name":"wp","href":"https:\/\/api.w.org\/{rel}","templated":true}]}}