{"id":11571,"date":"2016-10-30T14:55:59","date_gmt":"2016-10-30T14:55:59","guid":{"rendered":"http:\/\/www.thedatatouch.com\/?page_id=11571"},"modified":"2016-12-18T22:07:55","modified_gmt":"2016-12-18T22:07:55","slug":"about-us","status":"publish","type":"page","link":"https:\/\/www.thedatatouch.com\/fr\/about-us\/","title":{"rendered":"A Propos"},"content":{"rendered":"[vc_row css=&#8221;.vc_custom_1479834468266{padding-top: -20px !important;}&#8221;][vc_column][vc_column_text css_animation=&#8221;top-to-bottom&#8221;]\n<h2 style=\"text-align: center;\">A propos<\/h2>\n[\/vc_column_text][\/vc_column][\/vc_row][vc_row css=&#8221;.vc_custom_1455930372803{padding-bottom: 40px !important;}&#8221;][vc_column width=&#8221;1\/2&#8243; css=&#8221;.vc_custom_1455930368450{padding-bottom: 40px !important;}&#8221;][vc_column_text css_animation=&#8221;left-to-right&#8221;]The Data Touch a \u00e9t\u00e9 cr\u00e9\u00e9e pour r\u00e9pondre \u00e0 des manques \u00e0 gagner consid\u00e9rables li\u00e9s \u00e0 une gestion inefficace du digital analytics. Le digital analytics est un atout consid\u00e9rable pour toute entreprise mais est tr\u00e8s rarement exploit\u00e9 en profondeur.<br \/>\nThe Data Touch a \u00e9t\u00e9 fond\u00e9e par Penelope Bellegarde qui travaille dans le milieu du digital analytics depuis 2007 \u00e0 Londres, bilingue anglais et fran\u00e7ais.[\/vc_column_text][\/vc_column][vc_column width=&#8221;1\/2&#8243;][vc_column_text css_animation=&#8221;right-to-left&#8221;]Nous avons travaill\u00e9 avec des entreprises tr\u00e8s vari\u00e9es: dans le secteur priv\u00e9 et public, dans de grandes et petites entreprises, en tant que consultant pour un des plus gros cabinets de conseil international ainsi qu\u2019en tant que responsable digital analytics dans de grandes entreprises du secteur du voyage et du media publishing. Nous les avons accompagn\u00e9es sur des probl\u00e9matiques tr\u00e8s diverses: analyses d\u00e9celant des opportunit\u00e9s pour augmenter les revenus, r\u00e9duire les co\u00fbts, mieux g\u00e9rer son budget marketing, mise en place des outils digital analytics, formation aux principes du digital analytics et \u00e0 ses outils, d\u00e9finition de plans de mesure.[\/vc_column_text][\/vc_column][\/vc_row][vc_row content_placement=&#8221;middle&#8221; bg_type=&#8221;image&#8221; parallax_style=&#8221;vcpb-vz-jquery&#8221; bg_image_new=&#8221;id^11644|url^http:\/\/www.thedatatouch.com\/wp-content\/uploads\/2016\/10\/Background_Section_aboutus_2-1.jpg|caption^null|alt^null|title^background_section_aboutus_2|description^null&#8221; bg_image_repeat=&#8221;no-repeat&#8221; parallax_sense=&#8221;17&#8243; bg_override=&#8221;full&#8221; disable_on_mobile_img_parallax=&#8221;disable_on_mobile_img_parallax_value&#8221; fadeout_row=&#8221;fadeout_row_value&#8221; css=&#8221;.vc_custom_1479729981879{margin-top: 0px !important;margin-bottom: 0px !important;padding-top: 200px !important;padding-bottom: 200px !important;}&#8221;][vc_column][vc_column_text]\n<h2 style=\"text-align: center;\"><span style=\"color: #ffffff;\">Travaillez avec nous pour gagner<\/span><\/h2>\n[\/vc_column_text][\/vc_column][\/vc_row]","protected":false},"excerpt":{"rendered":"<p>[vc_row css=&#8221;.vc_custom_1479834468266{padding-top: -20px !important;}&#8221;][vc_column][vc_column_text css_animation=&#8221;top-to-bottom&#8221;] A propos [\/vc_column_text][\/vc_column][\/vc_row][vc_row css=&#8221;.vc_custom_1455930372803{padding-bottom: 40px !important;}&#8221;][vc_column width=&#8221;1\/2&#8243; css=&#8221;.vc_custom_1455930368450{padding-bottom: 40px !important;}&#8221;][vc_column_text css_animation=&#8221;left-to-right&#8221;]The Data Touch a \u00e9t\u00e9 cr\u00e9\u00e9e pour r\u00e9pondre \u00e0 des manques \u00e0 gagner consid\u00e9rables li\u00e9s \u00e0 une gestion inefficace du digital analytics. Le digital analytics est un atout consid\u00e9rable pour toute entreprise mais est tr\u00e8s rarement exploit\u00e9 en profondeur. The [&hellip;]<\/p>\n","protected":false},"author":1,"featured_media":0,"parent":0,"menu_order":0,"comment_status":"closed","ping_status":"closed","template":"","meta":{"footnotes":""},"class_list":["post-11571","page","type-page","status-publish","hentry"],"_links":{"self":[{"href":"https:\/\/www.thedatatouch.com\/fr\/wp-json\/wp\/v2\/pages\/11571","targetHints":{"allow":["GET"]}}],"collection":[{"href":"https:\/\/www.thedatatouch.com\/fr\/wp-json\/wp\/v2\/pages"}],"about":[{"href":"https:\/\/www.thedatatouch.com\/fr\/wp-json\/wp\/v2\/types\/page"}],"author":[{"embeddable":true,"href":"https:\/\/www.thedatatouch.com\/fr\/wp-json\/wp\/v2\/users\/1"}],"replies":[{"embeddable":true,"href":"https:\/\/www.thedatatouch.com\/fr\/wp-json\/wp\/v2\/comments?post=11571"}],"version-history":[{"count":13,"href":"https:\/\/www.thedatatouch.com\/fr\/wp-json\/wp\/v2\/pages\/11571\/revisions"}],"predecessor-version":[{"id":11899,"href":"https:\/\/www.thedatatouch.com\/fr\/wp-json\/wp\/v2\/pages\/11571\/revisions\/11899"}],"wp:attachment":[{"href":"https:\/\/www.thedatatouch.com\/fr\/wp-json\/wp\/v2\/media?parent=11571"}],"curies":[{"name":"wp","href":"https:\/\/api.w.org\/{rel}","templated":true}]}}