{"id":11577,"date":"2016-10-30T15:57:06","date_gmt":"2016-10-30T15:57:06","guid":{"rendered":"http:\/\/www.thedatatouch.com\/?page_id=11577"},"modified":"2016-12-19T08:18:12","modified_gmt":"2016-12-19T08:18:12","slug":"performance-improvement","status":"publish","type":"page","link":"https:\/\/www.thedatatouch.com\/fr\/performance-improvement\/","title":{"rendered":"R\u00e9aliser des performances\u202f"},"content":{"rendered":"[vc_row css=&#8221;.vc_custom_1479836122684{padding-top: 0px !important;}&#8221;][vc_column][vc_column_text css_animation=&#8221;top-to-bottom&#8221;]\n<h2 class=\"aio-icon-title ult-responsive\" style=\"text-align: center;\" data-responsive-json-new=\"{&quot;font-size&quot;:&quot;desktop:18px;&quot;,&quot;line-height&quot;:&quot;&quot;}\" data-ultimate-target=\"#Info-box-wrap-2351 .aio-icon-title\">R\u00e9aliser des performances<\/h2>\n[\/vc_column_text][\/vc_column][\/vc_row][vc_row css=&#8221;.vc_custom_1455930372803{padding-bottom: 40px !important;}&#8221;][vc_column width=&#8221;1\/2&#8243; css=&#8221;.vc_custom_1455930368450{padding-bottom: 40px !important;}&#8221;][vc_column_text css_animation=&#8221;left-to-right&#8221;]\n<p class=\"p1\">Un des principaux buts du digital analytics est de comprendre quels sont les diff\u00e9rents leviers qui peuvent influencer les performances.<\/p>\n[\/vc_column_text][\/vc_column][vc_column width=&#8221;1\/2&#8243;][vc_column_text css_animation=&#8221;right-to-left&#8221;]\n<p class=\"p1\">Selon votre secteur d\u2019activit\u00e9, la performance se d\u00e9finit de fa\u00e7on diff\u00e9rente:<\/p>\n<ul>\n<li>Si vous utilisez le e-commerce, votre niveau de performance se d\u00e9finira en partie par une am\u00e9lioration r\u00e9guli\u00e8re des ventes en ligne.<\/li>\n<li>Si vous \u00eates une collectivit\u00e9 territoriale, votre performance pourra se d\u00e9finir par une r\u00e9duction de co\u00fbts r\u00e9alis\u00e9e gr\u00e2ce \u00e0 la mutation de nombreux services et transactions sur des plateformes num\u00e9riques, plus efficaces et moins co\u00fbteuses.<\/li>\n<li>Si votre entreprise utilise le marketing en ligne (Google, e-mails etc\u2026), identifier les canaux les plus efficaces pour pouvoir optimiser vos budgets marketing repr\u00e9sente aussi une am\u00e9lioration de la performance.<\/li>\n<\/ul>\n[\/vc_column_text][\/vc_column][\/vc_row][vc_row content_placement=&#8221;middle&#8221; bg_type=&#8221;image&#8221; parallax_style=&#8221;vcpb-vz-jquery&#8221; bg_image_new=&#8221;id^11583|url^http:\/\/www.thedatatouch.com\/wp-content\/uploads\/2016\/10\/Background_Section_pi_2.jpg|caption^null|alt^null|title^background_section_pi_2|description^null&#8221; bg_image_repeat=&#8221;no-repeat&#8221; parallax_sense=&#8221;17&#8243; bg_override=&#8221;full&#8221; disable_on_mobile_img_parallax=&#8221;disable_on_mobile_img_parallax_value&#8221; fadeout_row=&#8221;fadeout_row_value&#8221; css=&#8221;.vc_custom_1477843019125{margin-top: 0px !important;margin-bottom: 0px !important;padding-top: 200px !important;padding-bottom: 200px !important;}&#8221;][vc_column][vc_column_text]\n<h2 style=\"text-align: center;\"><span style=\"color: #ffffff;\">Travaillez avec nous pour gagner<\/span><\/h2>\n[\/vc_column_text][\/vc_column][\/vc_row]","protected":false},"excerpt":{"rendered":"<p>[vc_row css=&#8221;.vc_custom_1479836122684{padding-top: 0px !important;}&#8221;][vc_column][vc_column_text css_animation=&#8221;top-to-bottom&#8221;] R\u00e9aliser des performances [\/vc_column_text][\/vc_column][\/vc_row][vc_row css=&#8221;.vc_custom_1455930372803{padding-bottom: 40px !important;}&#8221;][vc_column width=&#8221;1\/2&#8243; css=&#8221;.vc_custom_1455930368450{padding-bottom: 40px !important;}&#8221;][vc_column_text css_animation=&#8221;left-to-right&#8221;] Un des principaux buts du digital analytics est de comprendre quels sont les diff\u00e9rents leviers qui peuvent influencer les performances. [\/vc_column_text][\/vc_column][vc_column width=&#8221;1\/2&#8243;][vc_column_text css_animation=&#8221;right-to-left&#8221;] Selon votre secteur d\u2019activit\u00e9, la performance se d\u00e9finit de fa\u00e7on diff\u00e9rente: Si vous utilisez le [&hellip;]<\/p>\n","protected":false},"author":1,"featured_media":0,"parent":0,"menu_order":0,"comment_status":"closed","ping_status":"closed","template":"","meta":{"footnotes":""},"class_list":["post-11577","page","type-page","status-publish","hentry"],"_links":{"self":[{"href":"https:\/\/www.thedatatouch.com\/fr\/wp-json\/wp\/v2\/pages\/11577","targetHints":{"allow":["GET"]}}],"collection":[{"href":"https:\/\/www.thedatatouch.com\/fr\/wp-json\/wp\/v2\/pages"}],"about":[{"href":"https:\/\/www.thedatatouch.com\/fr\/wp-json\/wp\/v2\/types\/page"}],"author":[{"embeddable":true,"href":"https:\/\/www.thedatatouch.com\/fr\/wp-json\/wp\/v2\/users\/1"}],"replies":[{"embeddable":true,"href":"https:\/\/www.thedatatouch.com\/fr\/wp-json\/wp\/v2\/comments?post=11577"}],"version-history":[{"count":9,"href":"https:\/\/www.thedatatouch.com\/fr\/wp-json\/wp\/v2\/pages\/11577\/revisions"}],"predecessor-version":[{"id":11904,"href":"https:\/\/www.thedatatouch.com\/fr\/wp-json\/wp\/v2\/pages\/11577\/revisions\/11904"}],"wp:attachment":[{"href":"https:\/\/www.thedatatouch.com\/fr\/wp-json\/wp\/v2\/media?parent=11577"}],"curies":[{"name":"wp","href":"https:\/\/api.w.org\/{rel}","templated":true}]}}