{"id":11585,"date":"2016-10-30T16:01:03","date_gmt":"2016-10-30T16:01:03","guid":{"rendered":"http:\/\/www.thedatatouch.com\/?page_id=11585"},"modified":"2016-12-18T21:25:18","modified_gmt":"2016-12-18T21:25:18","slug":"unique-actionable-insight","status":"publish","type":"page","link":"https:\/\/www.thedatatouch.com\/fr\/unique-actionable-insight\/","title":{"rendered":"Des analyses tangibles et uniques"},"content":{"rendered":"[vc_row css=&#8221;.vc_custom_1479836393782{padding-top: 0px !important;}&#8221;][vc_column][vc_column_text css_animation=&#8221;top-to-bottom&#8221;]\n<h2 class=\"aio-icon-title ult-responsive\" style=\"text-align: center;\" data-ultimate-target=\"#Info-box-wrap-2351 .aio-icon-title\" data-responsive-json-new=\"{&quot;font-size&quot;:&quot;desktop:18px;&quot;,&quot;line-height&quot;:&quot;&quot;}\">Des analyses tangibles au caract\u00e8re unique<\/h2>\n[\/vc_column_text][\/vc_column][\/vc_row][vc_row css=&#8221;.vc_custom_1455930372803{padding-bottom: 40px !important;}&#8221;][vc_column width=&#8221;1\/2&#8243; css=&#8221;.vc_custom_1455930368450{padding-bottom: 40px !important;}&#8221;][vc_column_text css_animation=&#8221;left-to-right&#8221;]\n<p class=\"p1\">Nous nous attachons \u00e0 fournir de v\u00e9ritables informations avec des r\u00e9sultats qui orienteront le pilotage de votre entreprise.<\/p>\n[\/vc_column_text][\/vc_column][vc_column width=&#8221;1\/2&#8243;][vc_column_text css_animation=&#8221;right-to-left&#8221;]\n<p class=\"p1\">Nous traduirons vos objectifs en indicateurs de performance pour le monde digital.<br \/>\nEnsemble, nous nous poserons les bonnes questions auxquelles nous r\u00e9pondrons en confirmant ou en r\u00e9futant des hypoth\u00e8ses.<br \/>\nIl sera essentiel d&#8217;impliquer les parties prenantes de votre entreprise sur les probl\u00e9matiques \u00e0 r\u00e9soudre.<br \/>\nC&#8217;est en fonction des \u00e9l\u00e9ments\/questions identifi\u00e9s au pr\u00e9alable que nous interrogerons diff\u00e9rents outils d&#8217;analyse.<br \/>\nEnfin, nous connecterons autant que faire ce peut, les r\u00e9sultats de nos analyses avec d&#8217;autres peut \u00eatre d\u00e9j\u00e0 existants au sein de votre entreprise.<\/p>\n[\/vc_column_text][\/vc_column][\/vc_row][vc_row content_placement=&#8221;middle&#8221; bg_type=&#8221;image&#8221; parallax_style=&#8221;vcpb-vz-jquery&#8221; bg_image_new=&#8221;id^11587|url^http:\/\/www.thedatatouch.com\/wp-content\/uploads\/2016\/10\/Background_Section_Distintive2.jpg|caption^null|alt^null|title^background_section_distintive2|description^null&#8221; bg_image_repeat=&#8221;no-repeat&#8221; parallax_sense=&#8221;17&#8243; bg_override=&#8221;full&#8221; disable_on_mobile_img_parallax=&#8221;disable_on_mobile_img_parallax_value&#8221; fadeout_row=&#8221;fadeout_row_value&#8221; css=&#8221;.vc_custom_1479836489962{margin-top: 0px !important;margin-bottom: 0px !important;padding-top: 200px !important;padding-bottom: 200px !important;}&#8221;][vc_column][vc_column_text]\n<h2 style=\"text-align: center;\"><span style=\"color: #ffffff;\">Travaillez avec nous pour gagner<\/span><\/h2>\n[\/vc_column_text][\/vc_column][\/vc_row]","protected":false},"excerpt":{"rendered":"<p>[vc_row css=&#8221;.vc_custom_1479836393782{padding-top: 0px !important;}&#8221;][vc_column][vc_column_text css_animation=&#8221;top-to-bottom&#8221;] Des analyses tangibles au caract\u00e8re unique [\/vc_column_text][\/vc_column][\/vc_row][vc_row css=&#8221;.vc_custom_1455930372803{padding-bottom: 40px !important;}&#8221;][vc_column width=&#8221;1\/2&#8243; css=&#8221;.vc_custom_1455930368450{padding-bottom: 40px !important;}&#8221;][vc_column_text css_animation=&#8221;left-to-right&#8221;] Nous nous attachons \u00e0 fournir de v\u00e9ritables informations avec des r\u00e9sultats qui orienteront le pilotage de votre entreprise. [\/vc_column_text][\/vc_column][vc_column width=&#8221;1\/2&#8243;][vc_column_text css_animation=&#8221;right-to-left&#8221;] Nous traduirons vos objectifs en indicateurs de performance pour le monde digital. Ensemble, nous [&hellip;]<\/p>\n","protected":false},"author":1,"featured_media":0,"parent":0,"menu_order":0,"comment_status":"closed","ping_status":"closed","template":"","meta":{"footnotes":""},"class_list":["post-11585","page","type-page","status-publish","hentry"],"_links":{"self":[{"href":"https:\/\/www.thedatatouch.com\/fr\/wp-json\/wp\/v2\/pages\/11585","targetHints":{"allow":["GET"]}}],"collection":[{"href":"https:\/\/www.thedatatouch.com\/fr\/wp-json\/wp\/v2\/pages"}],"about":[{"href":"https:\/\/www.thedatatouch.com\/fr\/wp-json\/wp\/v2\/types\/page"}],"author":[{"embeddable":true,"href":"https:\/\/www.thedatatouch.com\/fr\/wp-json\/wp\/v2\/users\/1"}],"replies":[{"embeddable":true,"href":"https:\/\/www.thedatatouch.com\/fr\/wp-json\/wp\/v2\/comments?post=11585"}],"version-history":[{"count":11,"href":"https:\/\/www.thedatatouch.com\/fr\/wp-json\/wp\/v2\/pages\/11585\/revisions"}],"predecessor-version":[{"id":11887,"href":"https:\/\/www.thedatatouch.com\/fr\/wp-json\/wp\/v2\/pages\/11585\/revisions\/11887"}],"wp:attachment":[{"href":"https:\/\/www.thedatatouch.com\/fr\/wp-json\/wp\/v2\/media?parent=11585"}],"curies":[{"name":"wp","href":"https:\/\/api.w.org\/{rel}","templated":true}]}}