{"id":11590,"date":"2016-10-30T16:11:42","date_gmt":"2016-10-30T16:11:42","guid":{"rendered":"http:\/\/www.thedatatouch.com\/?page_id=11590"},"modified":"2016-12-18T21:43:55","modified_gmt":"2016-12-18T21:43:55","slug":"empowerment-through-data","status":"publish","type":"page","link":"https:\/\/www.thedatatouch.com\/fr\/empowerment-through-data\/","title":{"rendered":"\u00catre &#8220;arm\u00e9&#8221; gr\u00e2ce aux donn\u00e9es"},"content":{"rendered":"[vc_row css=&#8221;.vc_custom_1479827652111{padding-top: -20px !important;}&#8221;][vc_column][vc_column_text css_animation=&#8221;top-to-bottom&#8221;]\n<h2 class=\"aio-icon-title ult-responsive\" style=\"text-align: center;\" data-ultimate-target=\"#Info-box-wrap-2351 .aio-icon-title\" data-responsive-json-new=\"{&quot;font-size&quot;:&quot;desktop:18px;&quot;,&quot;line-height&quot;:&quot;&quot;}\">\u00catre &#8220;arm\u00e9&#8221; gr\u00e2ce aux donn\u00e9es<\/h2>\n[\/vc_column_text][\/vc_column][\/vc_row][vc_row css=&#8221;.vc_custom_1455930372803{padding-bottom: 40px !important;}&#8221;][vc_column width=&#8221;1\/2&#8243; css=&#8221;.vc_custom_1455930368450{padding-bottom: 40px !important;}&#8221;][vc_column_text css_animation=&#8221;left-to-right&#8221;]\n<p class=\"p1\">Une fois un diagnostic \u00e9tabli avec une s\u00e9rie de recommandations quantifi\u00e9es, vous serez d\u00e9sormais &#8220;arm\u00e9&#8221; pour agir et mettre en place de nouvelles initiatives.<\/p>\n[\/vc_column_text][\/vc_column][vc_column width=&#8221;1\/2&#8243;][vc_column_text css_animation=&#8221;right-to-left&#8221;]\n<p class=\"p1\">C\u2019est l\u2019objectif final du digital analytics: vous donner des informations palpables pour pouvoir enfin agir en cons\u00e9quence, atteindre vos objectifs et ainsi rester comp\u00e9titif.<\/p>\n[\/vc_column_text][\/vc_column][\/vc_row][vc_row content_placement=&#8221;middle&#8221; bg_type=&#8221;image&#8221; parallax_style=&#8221;vcpb-vz-jquery&#8221; bg_image_new=&#8221;id^11685|url^http:\/\/www.thedatatouch.com\/wp-content\/uploads\/2016\/10\/thedatatouch_empowerment_page_2.jpg|caption^null|alt^null|title^thedatatouch_empowerment_page_2|description^null&#8221; bg_image_repeat=&#8221;no-repeat&#8221; parallax_sense=&#8221;17&#8243; bg_override=&#8221;full&#8221; disable_on_mobile_img_parallax=&#8221;disable_on_mobile_img_parallax_value&#8221; fadeout_row=&#8221;fadeout_row_value&#8221; css=&#8221;.vc_custom_1479827667299{margin-top: 0px !important;margin-bottom: 0px !important;padding-top: 200px !important;padding-bottom: 200px !important;}&#8221;][vc_column][vc_column_text]\n<h2 style=\"text-align: center;\"><span style=\"color: #ffffff;\">Travaillez avec nous pour gagner<\/span><\/h2>\n[\/vc_column_text][\/vc_column][\/vc_row]","protected":false},"excerpt":{"rendered":"<p>[vc_row css=&#8221;.vc_custom_1479827652111{padding-top: -20px !important;}&#8221;][vc_column][vc_column_text css_animation=&#8221;top-to-bottom&#8221;] \u00catre &#8220;arm\u00e9&#8221; gr\u00e2ce aux donn\u00e9es [\/vc_column_text][\/vc_column][\/vc_row][vc_row css=&#8221;.vc_custom_1455930372803{padding-bottom: 40px !important;}&#8221;][vc_column width=&#8221;1\/2&#8243; css=&#8221;.vc_custom_1455930368450{padding-bottom: 40px !important;}&#8221;][vc_column_text css_animation=&#8221;left-to-right&#8221;] Une fois un diagnostic \u00e9tabli avec une s\u00e9rie de recommandations quantifi\u00e9es, vous serez d\u00e9sormais &#8220;arm\u00e9&#8221; pour agir et mettre en place de nouvelles initiatives. [\/vc_column_text][\/vc_column][vc_column width=&#8221;1\/2&#8243;][vc_column_text css_animation=&#8221;right-to-left&#8221;] C\u2019est l\u2019objectif final du digital analytics: vous donner des [&hellip;]<\/p>\n","protected":false},"author":1,"featured_media":0,"parent":0,"menu_order":0,"comment_status":"closed","ping_status":"closed","template":"","meta":{"footnotes":""},"class_list":["post-11590","page","type-page","status-publish","hentry"],"_links":{"self":[{"href":"https:\/\/www.thedatatouch.com\/fr\/wp-json\/wp\/v2\/pages\/11590","targetHints":{"allow":["GET"]}}],"collection":[{"href":"https:\/\/www.thedatatouch.com\/fr\/wp-json\/wp\/v2\/pages"}],"about":[{"href":"https:\/\/www.thedatatouch.com\/fr\/wp-json\/wp\/v2\/types\/page"}],"author":[{"embeddable":true,"href":"https:\/\/www.thedatatouch.com\/fr\/wp-json\/wp\/v2\/users\/1"}],"replies":[{"embeddable":true,"href":"https:\/\/www.thedatatouch.com\/fr\/wp-json\/wp\/v2\/comments?post=11590"}],"version-history":[{"count":4,"href":"https:\/\/www.thedatatouch.com\/fr\/wp-json\/wp\/v2\/pages\/11590\/revisions"}],"predecessor-version":[{"id":11892,"href":"https:\/\/www.thedatatouch.com\/fr\/wp-json\/wp\/v2\/pages\/11590\/revisions\/11892"}],"wp:attachment":[{"href":"https:\/\/www.thedatatouch.com\/fr\/wp-json\/wp\/v2\/media?parent=11590"}],"curies":[{"name":"wp","href":"https:\/\/api.w.org\/{rel}","templated":true}]}}