{"id":11598,"date":"2016-10-30T16:26:00","date_gmt":"2016-10-30T16:26:00","guid":{"rendered":"http:\/\/www.thedatatouch.com\/?page_id=11598"},"modified":"2016-12-18T21:42:57","modified_gmt":"2016-12-18T21:42:57","slug":"digital-education-excellence","status":"publish","type":"page","link":"https:\/\/www.thedatatouch.com\/fr\/digital-education-excellence\/","title":{"rendered":"Enseigner l&#8217;excellence en digital"},"content":{"rendered":"[vc_row css=&#8221;.vc_custom_1479835484814{padding-top: -20px !important;}&#8221;][vc_column][vc_column_text css_animation=&#8221;top-to-bottom&#8221;]\n<h2 class=\"aio-icon-title ult-responsive\" style=\"text-align: center;\" data-ultimate-target=\"#Info-box-wrap-2351 .aio-icon-title\" data-responsive-json-new=\"{&quot;font-size&quot;:&quot;desktop:18px;&quot;,&quot;line-height&quot;:&quot;&quot;}\">Enseigner l&#8217;excellence en digital<\/h2>\n[\/vc_column_text][\/vc_column][\/vc_row][vc_row css=&#8221;.vc_custom_1455930372803{padding-bottom: 40px !important;}&#8221;][vc_column width=&#8221;1\/2&#8243; css=&#8221;.vc_custom_1455930368450{padding-bottom: 40px !important;}&#8221;][vc_column_text css_animation=&#8221;left-to-right&#8221;]\n<p class=\"p1\">Au cours des derni\u00e8res ann\u00e9es, le digital a fait l\u2019objet d\u2019une ascension fulgurante dans notre quotidien. Il est donc tout \u00e0 fait logique que le digital prenne d\u00e9sormais toute sa place sur le march\u00e9 de l\u2019emploi.<\/p>\n<p class=\"p1\">Aussi, le volume de donn\u00e9es cr\u00e9\u00e9es dans l\u2019espace digital: sites Internet, r\u00e9seaux sociaux, applications etc\u2026 a lui aussi augment\u00e9 de fa\u00e7on exponentielle: \u00ab Tous les deux jours, nous cr\u00e9ons autant d\u2019informations que toutes les informations jamais cr\u00e9\u00e9es jusqu\u2019en 2003 \u00bb Eric Schmidt, Chairman de Google.<\/p>\n<p class=\"p1\">Ces cursus reposent sur 12 ans d\u2019exp\u00e9rience professionnelle \u00e0 travers plusieurs m\u00e9tiers et dans de nombreuses entreprises dans le milieu du digital.<\/p>\n<p class=\"p1\">C\u2019est donc pour cela que nous avons con\u00e7u 2 cursus acad\u00e9miques compos\u00e9s de modules enseignant les techniques du digital n\u00e9cessaires pour \u00e9voluer rapidement sur le march\u00e9 de l\u2019emploi, mettre toutes les chances de son c\u00f4t\u00e9 et assurer ses arri\u00e8res en tant que futurs cadres.<\/p>\n[\/vc_column_text][\/vc_column][vc_column width=&#8221;1\/2&#8243;][vc_column_text css_animation=&#8221;right-to-left&#8221;]\n<p class=\"p1\">Le premier cursus enseigne les disciplines et techniques fondamentales pour la r\u00e9ussite d&#8217;une entreprise dans le monde digital avec notamment l\u2019optimisation des sites Internet pour moteurs de recherche (search engine optimisation), comment utiliser au mieux les r\u00e9seaux sociaux, les enjeux derri\u00e8re les ressentis des visiteurs Internet (user experience), comment aborder des probl\u00e9matiques d&#8217;entreprise en utilisant l&#8217;esprit cr\u00e9atif et l&#8217;innovation (design thinking).<\/p>\n<p class=\"p1\">Le second cursus est sp\u00e9cifique au digital analytics. Il enseigne les grands principes, les applications du digital analytics en entreprise \u00e0 travers plusieurs secteurs d\u2019activit\u00e9, les techniques et les m\u00e9thodes \u00e0 adopter ainsi qu\u2019une introduction \u00e0 Google Analytics, une solution de digital analytics pr\u00e9sente sur plus de 30 millions de sites Internet au niveau global.<\/p>\n[\/vc_column_text][\/vc_column][\/vc_row][vc_row content_placement=&#8221;middle&#8221; bg_type=&#8221;image&#8221; parallax_style=&#8221;vcpb-vz-jquery&#8221; bg_image_new=&#8221;id^11738|url^http:\/\/www.thedatatouch.com\/wp-content\/uploads\/2016\/10\/thedatatouch_3dde_page_2.jpg|caption^null|alt^null|title^thedatatouch_3dde_page_2|description^null&#8221; bg_image_repeat=&#8221;no-repeat&#8221; parallax_sense=&#8221;17&#8243; bg_override=&#8221;full&#8221; disable_on_mobile_img_parallax=&#8221;disable_on_mobile_img_parallax_value&#8221; fadeout_row=&#8221;fadeout_row_value&#8221; css=&#8221;.vc_custom_1479835444416{margin-top: 0px !important;margin-bottom: 0px !important;padding-top: 200px !important;padding-bottom: 200px !important;}&#8221;][vc_column][vc_column_text]\n<h2 style=\"text-align: center;\"><span style=\"color: #d8d8d8;\">Travaillez avec nous pour gagner<\/span><\/h2>\n[\/vc_column_text][\/vc_column][\/vc_row]","protected":false},"excerpt":{"rendered":"<p>[vc_row css=&#8221;.vc_custom_1479835484814{padding-top: -20px !important;}&#8221;][vc_column][vc_column_text css_animation=&#8221;top-to-bottom&#8221;] Enseigner l&#8217;excellence en digital [\/vc_column_text][\/vc_column][\/vc_row][vc_row css=&#8221;.vc_custom_1455930372803{padding-bottom: 40px !important;}&#8221;][vc_column width=&#8221;1\/2&#8243; css=&#8221;.vc_custom_1455930368450{padding-bottom: 40px !important;}&#8221;][vc_column_text css_animation=&#8221;left-to-right&#8221;] Au cours des derni\u00e8res ann\u00e9es, le digital a fait l\u2019objet d\u2019une ascension fulgurante dans notre quotidien. Il est donc tout \u00e0 fait logique que le digital prenne d\u00e9sormais toute sa place sur le march\u00e9 de l\u2019emploi. Aussi, [&hellip;]<\/p>\n","protected":false},"author":1,"featured_media":0,"parent":0,"menu_order":0,"comment_status":"closed","ping_status":"closed","template":"","meta":{"footnotes":""},"class_list":["post-11598","page","type-page","status-publish","hentry"],"_links":{"self":[{"href":"https:\/\/www.thedatatouch.com\/fr\/wp-json\/wp\/v2\/pages\/11598","targetHints":{"allow":["GET"]}}],"collection":[{"href":"https:\/\/www.thedatatouch.com\/fr\/wp-json\/wp\/v2\/pages"}],"about":[{"href":"https:\/\/www.thedatatouch.com\/fr\/wp-json\/wp\/v2\/types\/page"}],"author":[{"embeddable":true,"href":"https:\/\/www.thedatatouch.com\/fr\/wp-json\/wp\/v2\/users\/1"}],"replies":[{"embeddable":true,"href":"https:\/\/www.thedatatouch.com\/fr\/wp-json\/wp\/v2\/comments?post=11598"}],"version-history":[{"count":8,"href":"https:\/\/www.thedatatouch.com\/fr\/wp-json\/wp\/v2\/pages\/11598\/revisions"}],"predecessor-version":[{"id":11891,"href":"https:\/\/www.thedatatouch.com\/fr\/wp-json\/wp\/v2\/pages\/11598\/revisions\/11891"}],"wp:attachment":[{"href":"https:\/\/www.thedatatouch.com\/fr\/wp-json\/wp\/v2\/media?parent=11598"}],"curies":[{"name":"wp","href":"https:\/\/api.w.org\/{rel}","templated":true}]}}