{"id":11713,"date":"2016-11-22T16:22:31","date_gmt":"2016-11-22T16:22:31","guid":{"rendered":"http:\/\/www.thedatatouch.com\/?page_id=11713"},"modified":"2017-01-27T08:24:27","modified_gmt":"2017-01-27T08:24:27","slug":"what-is-digital-analytics","status":"publish","type":"page","link":"https:\/\/www.thedatatouch.com\/fr\/what-is-digital-analytics\/","title":{"rendered":"Qu&#8217;est-ce que le digital analytics?"},"content":{"rendered":"[vc_row css=&#8221;.vc_custom_1479836590099{padding-top: 0px !important;}&#8221;][vc_column][vc_column_text css_animation=&#8221;top-to-bottom&#8221;]\n<h2 class=\"aio-icon-title ult-responsive\" style=\"text-align: center;\" data-ultimate-target=\"#Info-box-wrap-2351 .aio-icon-title\" data-responsive-json-new=\"{&quot;font-size&quot;:&quot;desktop:18px;&quot;,&quot;line-height&quot;:&quot;&quot;}\">Qu&#8217;est ce que le digital analytics?<\/h2>\n[\/vc_column_text][\/vc_column][\/vc_row][vc_row css=&#8221;.vc_custom_1479833562135{padding-bottom: 0px !important;}&#8221;][vc_column width=&#8221;1\/2&#8243; css=&#8221;.vc_custom_1455930368450{padding-bottom: 40px !important;}&#8221;][vc_column_text css_animation=&#8221;left-to-right&#8221;]Le digital analytics consiste \u00e0 g\u00e9n\u00e9rer des informations pr\u00e9cises \u00e0 la fois sur le comportement des consommateurs sur Internet et sur la performance de plateformes num\u00e9riques: sites Internet, r\u00e9seaux sociaux, applications etc&#8230;<br \/>\nTout cela est possible gr\u00e2ce \u00e0 des outils d&#8217;analyses sp\u00e9cifiques: Google Analytics, Adobe Analytics, Hitwise, comScore, Radian 6, Google AdWords etc&#8230; et \u00e0 des m\u00e9thodes et techniques d&#8217;analyses bien pr\u00e9cises.<br \/>\nLe digital analytics ne s&#8217;arr\u00eate bien entendu pas \u00e0 la g\u00e9n\u00e9ration d&#8217;informations. Son but principal est de faciliter la prise de d\u00e9cision pour influencer positivement les performances de l&#8217;entreprise.<br \/>\nIl s&#8217;agit donc aussi de formuler des hypoth\u00e8ses, de proposer des tests pour confirmer ou non ces hypoth\u00e8ses, d&#8217;am\u00e9liorer le processus de mesure au sein de l&#8217;entreprise et de mettre en place des pratiques d&#8217;analyses d&#8217;excellence.[\/vc_column_text][\/vc_column][vc_column width=&#8221;1\/2&#8243;][vc_column_text css_animation=&#8221;right-to-left&#8221;]\n<blockquote>\n<p class=\"p1\">Comment les entreprises peuvent-elles tirer profit du digital analytics?<\/p>\n<\/blockquote>\n[\/vc_column_text][vc_column_text css_animation=&#8221;right-to-left&#8221;]\n<p class=\"p1\">Qu&#8217;il s&#8217;agisse d&#8217;augmenter les ventes de produits et de services en ligne, de r\u00e9duire les co\u00fbts de revient gr\u00e2ce \u00e0 la prolif\u00e9ration du service en ligne, de mieux comprendre les besoins des clients, d&#8217;accro\u00eetre le retour sur investissement du marketing en ligne ou de mieux g\u00e9rer les risques li\u00e9s \u00e0 la concurrence, le digital analytics poss\u00e8de des solutions. Voici quelques exemples d\u2019analyses cl\u00e9s pour r\u00e9soudre ces probl\u00e9matiques.<\/p>\n[\/vc_column_text][\/vc_column][\/vc_row][vc_row][vc_column width=&#8221;1\/3&#8243;]<div class=\"aio-icon-component    style_2\"><div id=\"Info-box-wrap-1161\" class=\"aio-icon-box top-icon\" style=\"\"  ><div class=\"aio-icon-top\"><div class=\"ult-just-icon-wrapper  \"><div class=\"align-icon\" style=\"text-align:center;\">\n<div class=\"aio-icon-img \" style=\"font-size:75px;display:inline-block;\" data-animation=\"bounceInUp\" data-animation-delay=\"03\">\n\t<img decoding=\"async\" class=\"img-icon\" alt=\"null\" src=\"https:\/\/www.thedatatouch.com\/wp-content\/uploads\/2016\/11\/Icons_Coins.png\"\/>\n<\/div><\/div><\/div><\/div><div class=\"aio-icon-header\" ><h3 class=\"aio-icon-title ult-responsive\"  data-ultimate-target='#Info-box-wrap-1161 .aio-icon-title'  data-responsive-json-new='{\"font-size\":\"\",\"line-height\":\"\"}'  style=\"\">Augmenter les revenus<\/h3><\/div> <!-- header --><div class=\"aio-icon-description ult-responsive\"  data-ultimate-target='#Info-box-wrap-1161 .aio-icon-description'  data-responsive-json-new='{\"font-size\":\"\",\"line-height\":\"\"}'  style=\"\">Analyse des canaux d&#8217;achat en ligne pour identifier les obstacles qui freinent le processus d&#8217;achat et qui doivent donc \u00eatre corrig\u00e9s pour augmenter les ventes en ligne.<br \/>\nAnalyse du niveau d&#8217;attention des clients en ligne sur les sites de m\u00e9dias et d&#8217;\u00e9dition en vue d\u2019augmenter les revenus publicitaires.<\/div> <!-- description --><\/div> <!-- aio-icon-box --><\/div> <!-- aio-icon-component -->[\/vc_column][vc_column width=&#8221;1\/3&#8243;]<div class=\"aio-icon-component    style_2\"><div id=\"Info-box-wrap-1895\" class=\"aio-icon-box top-icon\" style=\"\"  ><div class=\"aio-icon-top\"><div class=\"ult-just-icon-wrapper  \"><div class=\"align-icon\" style=\"text-align:center;\">\n<div class=\"aio-icon-img \" style=\"font-size:75px;display:inline-block;\" data-animation=\"bounceInUp\" data-animation-delay=\"03\">\n\t<img decoding=\"async\" class=\"img-icon\" alt=\"null\" src=\"https:\/\/www.thedatatouch.com\/wp-content\/uploads\/2016\/11\/Icons_reduce_cost.png\"\/>\n<\/div><\/div><\/div><\/div><div class=\"aio-icon-header\" ><h3 class=\"aio-icon-title ult-responsive\"  data-ultimate-target='#Info-box-wrap-1895 .aio-icon-title'  data-responsive-json-new='{\"font-size\":\"\",\"line-height\":\"\"}'  style=\"\">R\u00e9duire les co\u00fbts<\/h3><\/div> <!-- header --><div class=\"aio-icon-description ult-responsive\"  data-ultimate-target='#Info-box-wrap-1895 .aio-icon-description'  data-responsive-json-new='{\"font-size\":\"\",\"line-height\":\"\"}'  style=\"\">Comparaison des co\u00fbts de revient sur diff\u00e9rents canaux de distribution: en ligne versus hors ligne.<br \/>\nAnalyse des canaux de transactions non mon\u00e9taires sur les sites du service public pour identifier les obstacles \u00e0 ces transactions et y rem\u00e9dier.<\/div> <!-- description --><\/div> <!-- aio-icon-box --><\/div> <!-- aio-icon-component -->[\/vc_column][vc_column width=&#8221;1\/3&#8243;]<div class=\"aio-icon-component    style_2\"><div id=\"Info-box-wrap-2915\" class=\"aio-icon-box top-icon\" style=\"\"  ><div class=\"aio-icon-top\"><div class=\"ult-just-icon-wrapper  \"><div class=\"align-icon\" style=\"text-align:center;\">\n<div class=\"aio-icon-img \" style=\"font-size:75px;display:inline-block;\" data-animation=\"bounceInUp\" data-animation-delay=\"03\">\n\t<img decoding=\"async\" class=\"img-icon\" alt=\"null\" src=\"https:\/\/www.thedatatouch.com\/wp-content\/uploads\/2016\/11\/Icons_KyC.png\"\/>\n<\/div><\/div><\/div><\/div><div class=\"aio-icon-header\" ><h3 class=\"aio-icon-title ult-responsive\"  data-ultimate-target='#Info-box-wrap-2915 .aio-icon-title'  data-responsive-json-new='{\"font-size\":\"\",\"line-height\":\"\"}'  style=\"\">Mieux conna\u00eetre ses clients et leurs besoins<\/h3><\/div> <!-- header --><div class=\"aio-icon-description ult-responsive\"  data-ultimate-target='#Info-box-wrap-2915 .aio-icon-description'  data-responsive-json-new='{\"font-size\":\"\",\"line-height\":\"\"}'  style=\"\">Segmentation des clients en ligne pour mieux identifier leurs besoins respectifs, mieux les servir et les fid\u00e9liser.<\/div> <!-- description --><\/div> <!-- aio-icon-box --><\/div> <!-- aio-icon-component -->[\/vc_column][\/vc_row][vc_row content_placement=&#8221;middle&#8221; bg_type=&#8221;image&#8221; parallax_style=&#8221;vcpb-vz-jquery&#8221; bg_image_repeat=&#8221;no-repeat&#8221; parallax_sense=&#8221;17&#8243; bg_override=&#8221;full&#8221; disable_on_mobile_img_parallax=&#8221;disable_on_mobile_img_parallax_value&#8221; fadeout_row=&#8221;fadeout_row_value&#8221; css=&#8221;.vc_custom_1479833482888{margin-top: 0px !important;margin-bottom: 0px !important;padding-top: 0px !important;padding-bottom: 0px !important;}&#8221;][vc_column width=&#8221;1\/2&#8243;]<div class=\"aio-icon-component    style_2\"><div id=\"Info-box-wrap-4761\" class=\"aio-icon-box top-icon\" style=\"\"  ><div class=\"aio-icon-top\"><div class=\"ult-just-icon-wrapper  \"><div class=\"align-icon\" style=\"text-align:center;\">\n<div class=\"aio-icon-img \" style=\"font-size:75px;display:inline-block;\" data-animation=\"bounceInUp\" data-animation-delay=\"03\">\n\t<img decoding=\"async\" class=\"img-icon\" alt=\"null\" src=\"https:\/\/www.thedatatouch.com\/wp-content\/uploads\/2016\/11\/Icons_improve.png\"\/>\n<\/div><\/div><\/div><\/div><div class=\"aio-icon-header\" ><h3 class=\"aio-icon-title ult-responsive\"  data-ultimate-target='#Info-box-wrap-4761 .aio-icon-title'  data-responsive-json-new='{\"font-size\":\"\",\"line-height\":\"\"}'  style=\"\">Am\u00e9liorer l\u2019efficacit\u00e9 du marketing en ligne<\/h3><\/div> <!-- header --><div class=\"aio-icon-description ult-responsive\"  data-ultimate-target='#Info-box-wrap-4761 .aio-icon-description'  data-responsive-json-new='{\"font-size\":\"\",\"line-height\":\"\"}'  style=\"\">Analyse de l\u2019efficacit\u00e9 du marketing en ligne afin d&#8217;identifier les int\u00e9ractions marketing les plus performantes et les moins efficaces.<\/div> <!-- description --><\/div> <!-- aio-icon-box --><\/div> <!-- aio-icon-component -->[\/vc_column][vc_column width=&#8221;1\/2&#8243;]<div class=\"aio-icon-component    style_2\"><div id=\"Info-box-wrap-3594\" class=\"aio-icon-box top-icon\" style=\"\"  ><div class=\"aio-icon-top\"><div class=\"ult-just-icon-wrapper  \"><div class=\"align-icon\" style=\"text-align:center;\">\n<div class=\"aio-icon-img \" style=\"font-size:75px;display:inline-block;\" data-animation=\"bounceInUp\" data-animation-delay=\"03\">\n\t<img decoding=\"async\" class=\"img-icon\" alt=\"null\" src=\"https:\/\/www.thedatatouch.com\/wp-content\/uploads\/2016\/11\/Icons_manage_risks.png\"\/>\n<\/div><\/div><\/div><\/div><div class=\"aio-icon-header\" ><h3 class=\"aio-icon-title ult-responsive\"  data-ultimate-target='#Info-box-wrap-3594 .aio-icon-title'  data-responsive-json-new='{\"font-size\":\"\",\"line-height\":\"\"}'  style=\"\">G\u00e9rer les risques li\u00e9s \u00e0 la concurrence<\/h3><\/div> <!-- header --><div class=\"aio-icon-description ult-responsive\"  data-ultimate-target='#Info-box-wrap-3594 .aio-icon-description'  data-responsive-json-new='{\"font-size\":\"\",\"line-height\":\"\"}'  style=\"\">Identifier qui vous devance en ligne et comment.<\/div> <!-- description --><\/div> <!-- aio-icon-box --><\/div> <!-- aio-icon-component -->[\/vc_column][\/vc_row][vc_row content_placement=&#8221;middle&#8221; bg_type=&#8221;image&#8221; parallax_style=&#8221;vcpb-vz-jquery&#8221; bg_image_new=&#8221;id^11725|url^http:\/\/www.thedatatouch.com\/wp-content\/uploads\/2016\/11\/Background_Section_whatisda_2.jpg|caption^null|alt^null|title^background_section_whatisda_2|description^null&#8221; bg_image_repeat=&#8221;no-repeat&#8221; parallax_sense=&#8221;17&#8243; bg_override=&#8221;full&#8221; disable_on_mobile_img_parallax=&#8221;disable_on_mobile_img_parallax_value&#8221; fadeout_row=&#8221;fadeout_row_value&#8221; css=&#8221;.vc_custom_1479834092974{padding-top: 200px !important;padding-bottom: 200px !important;}&#8221;][vc_column][vc_column_text]\n<h2 style=\"text-align: center;\"><span style=\"color: #ffffff;\">Travaillez avec nous pour gagner<\/span><\/h2>\n[\/vc_column_text][\/vc_column][\/vc_row]","protected":false},"excerpt":{"rendered":"<p>[vc_row css=&#8221;.vc_custom_1479836590099{padding-top: 0px !important;}&#8221;][vc_column][vc_column_text css_animation=&#8221;top-to-bottom&#8221;] Qu&#8217;est ce que le digital analytics? [\/vc_column_text][\/vc_column][\/vc_row][vc_row css=&#8221;.vc_custom_1479833562135{padding-bottom: 0px !important;}&#8221;][vc_column width=&#8221;1\/2&#8243; css=&#8221;.vc_custom_1455930368450{padding-bottom: 40px !important;}&#8221;][vc_column_text css_animation=&#8221;left-to-right&#8221;]Le digital analytics consiste \u00e0 g\u00e9n\u00e9rer des informations pr\u00e9cises \u00e0 la fois sur le comportement des consommateurs sur Internet et sur la performance de plateformes num\u00e9riques: sites Internet, r\u00e9seaux sociaux, applications etc&#8230; Tout cela est possible [&hellip;]<\/p>\n","protected":false},"author":1,"featured_media":0,"parent":0,"menu_order":0,"comment_status":"closed","ping_status":"closed","template":"","meta":{"footnotes":""},"class_list":["post-11713","page","type-page","status-publish","hentry"],"_links":{"self":[{"href":"https:\/\/www.thedatatouch.com\/fr\/wp-json\/wp\/v2\/pages\/11713","targetHints":{"allow":["GET"]}}],"collection":[{"href":"https:\/\/www.thedatatouch.com\/fr\/wp-json\/wp\/v2\/pages"}],"about":[{"href":"https:\/\/www.thedatatouch.com\/fr\/wp-json\/wp\/v2\/types\/page"}],"author":[{"embeddable":true,"href":"https:\/\/www.thedatatouch.com\/fr\/wp-json\/wp\/v2\/users\/1"}],"replies":[{"embeddable":true,"href":"https:\/\/www.thedatatouch.com\/fr\/wp-json\/wp\/v2\/comments?post=11713"}],"version-history":[{"count":23,"href":"https:\/\/www.thedatatouch.com\/fr\/wp-json\/wp\/v2\/pages\/11713\/revisions"}],"predecessor-version":[{"id":11915,"href":"https:\/\/www.thedatatouch.com\/fr\/wp-json\/wp\/v2\/pages\/11713\/revisions\/11915"}],"wp:attachment":[{"href":"https:\/\/www.thedatatouch.com\/fr\/wp-json\/wp\/v2\/media?parent=11713"}],"curies":[{"name":"wp","href":"https:\/\/api.w.org\/{rel}","templated":true}]}}