{"id":11748,"date":"2016-11-22T17:50:03","date_gmt":"2016-11-22T17:50:03","guid":{"rendered":"http:\/\/www.thedatatouch.com\/?page_id=11748"},"modified":"2016-12-13T18:34:25","modified_gmt":"2016-12-13T18:34:25","slug":"terms-conditions","status":"publish","type":"page","link":"https:\/\/www.thedatatouch.com\/fr\/terms-conditions\/","title":{"rendered":"Termes &#038; Conditions"},"content":{"rendered":"[vc_row css=&#8221;.vc_custom_1479834805060{padding-top: -20px !important;}&#8221;][vc_column][vc_column_text css_animation=&#8221;top-to-bottom&#8221;]\n<h2 style=\"text-align: center;\">Terms &amp; Conditions<\/h2>\n[\/vc_column_text][\/vc_column][\/vc_row][vc_row css=&#8221;.vc_custom_1455930372803{padding-bottom: 40px !important;}&#8221;][vc_column width=&#8221;1\/2&#8243; css=&#8221;.vc_custom_1455930368450{padding-bottom: 40px !important;}&#8221;][vc_column_text css_animation=&#8221;left-to-right&#8221;]L&#8217;accessibilit\u00e9 de notre site web :<br \/>\nThe Data Touch est d\u00e9termin\u00e9 \u00e0 rendre sa pr\u00e9sence en ligne, www.thedatatouch.com, aussi accessible que possible pour tout le monde. Si vous avez des commentaires ou des suggestions sur les questions d&#8217;accessibilit\u00e9 web relatives au site www.thedatatouch.com, veuillez nous contacter \u00e0 enquiry@thedatatouch.com<br \/>\nLiens avec des tiers<br \/>\nPour fournir une valeur accrue \u00e0 nos utilisateurs, nous pouvons fournir des liens vers d&#8217;autres sites ou d\u2019autres ressources via notre site web que vous pouvez acc\u00e9der \u00e0 votre enti\u00e8re discr\u00e9tion. Vous reconnaissez et acceptez que, comme vous avez choisi d&#8217;entrer dans le site tiers de votre plein gr\u00e9, nous ne sommes pas responsables de la disponibilit\u00e9 de ces sites ou ressources externes.[\/vc_column_text][vc_column_text css_animation=&#8221;left-to-right&#8221;]Nos droits<br \/>\nNous nous r\u00e9servons le droit de:<br \/>\n\uf0a7 modifier ou retirer, temporairement ou d\u00e9finitivement, ce site (ou une partie de celui-ci) avec ou sans pr\u00e9avis et vous confirmez que nous ne serons pas responsables envers vous ou un tiers pour toute modification ou le retrait du site; et \/ ou<br \/>\n\uf0a7 modifier les conditions de temps \u00e0 autre, et votre utilisation continue du site Web (ou toute partie de celle-ci) et le fait que vous continuez \u00e0 utiliser notre site suivant un tel changement doit \u00eatre consid\u00e9r\u00e9 comme votre acceptation de cette modification. Il est de votre responsabilit\u00e9 de v\u00e9rifier r\u00e9guli\u00e8rement si les conditions ont \u00e9t\u00e9 modifi\u00e9es. Si vous n&#8217;\u00eates pas d&#8217;accord avec toute modification des conditions, vous devez imm\u00e9diatement cesser d&#8217;utiliser notre site.[\/vc_column_text][vc_column_text css_animation=&#8221;left-to-right&#8221;]Propri\u00e9t\u00e9 intellectuelle et droit d&#8217;utilisation<br \/>\nVous reconnaissez et acceptez que tous les droits d&#8217;auteur, marques de commerce et tous les autres droits de propri\u00e9t\u00e9 intellectuelle dans tout le mat\u00e9riel ou le contenu fourni dans le cadre du site Internet restent en tout temps d\u00e9volus \u00e0 nous ou nos conc\u00e9dants de licence. Vous \u00eates autoris\u00e9 \u00e0 utiliser ce mat\u00e9riel uniquement comme express\u00e9ment autoris\u00e9 par nous ou nos conc\u00e9dants de licence.<br \/>\nVous reconnaissez et acceptez que le mat\u00e9riel et le contenu dans le site Web est mis \u00e0 disposition pour votre usage personnel et non commercial seulement et que vous pouvez (si vous faites un achat) t\u00e9l\u00e9charger ces documents et contenus sur un seul disque dur de l&#8217;ordinateur. Toute autre utilisation du mat\u00e9riel et du contenu du site web est strictement interdite. Vous acceptez de ne pas (et acceptez de ne pas aider ou faciliter une tierce partie \u00e0) copier, reproduire, transmettre, publier, afficher, distribuer, exploiter commercialement ou cr\u00e9er des \u0153uvres d\u00e9riv\u00e9es de ce mat\u00e9riel et de contenu.[\/vc_column_text][\/vc_column][vc_column width=&#8221;1\/2&#8243;][vc_column_text css_animation=&#8221;right-to-left&#8221;]Limitation de responsabilit\u00e9<br \/>\nAlors que nous nous effor\u00e7ons de v\u00e9rifier l&#8217;exactitude de toute information que nous mettons sur le site, nous ne faisons aucune garantie, expresse ou implicite par rapport \u00e0 son exactitude. Le site web est fourni \u00abtel quel\u00bb et \u00abselon disponibilit\u00e9\u00bb sans aucune repr\u00e9sentation ou approbation faite et nous ne faisons aucune garantie d&#8217;aucune sorte, expresse ou implicite, en ce qui concerne le site web, ou toute op\u00e9ration qui peut \u00eatre effectu\u00e9e sur ou par le biais du site web, y compris mais sans s&#8217;y limiter, les garanties implicites de non-contrefa\u00e7on, de compatibilit\u00e9, de s\u00e9curit\u00e9, de pr\u00e9cision, les conditions de l&#8217;exhaustivit\u00e9 ou toute garantie implicite d\u00e9coulant des transactions ou de l&#8217;utilisation ou le commerce.[\/vc_column_text][vc_column_text css_animation=&#8221;right-to-left&#8221;]Nous ne garantissons pas que le site web r\u00e9pondra \u00e0 vos exigences ou sera ininterrompue, opportune ou sans erreur, que les d\u00e9fauts seront corrig\u00e9s ou que le site ou le serveur qui le rend disponible sont exempts de virus ou de bugs ou repr\u00e9sente la fonctionnalit\u00e9 compl\u00e8te , la pr\u00e9cision, la fiabilit\u00e9 du site Web. Nous ne serons pas responsables envers vous pour toute perte de contenu ou mat\u00e9riel t\u00e9l\u00e9charg\u00e9 ou transmis par l&#8217;interm\u00e9diaire du site Web.<br \/>\nDans toute la mesure permise par la loi applicable, nous d\u00e9clinons toute garantie d&#8217;aucune sorte, expresse ou implicite, par rapport aux produits. Cela n&#8217;a aucune incidence sur vos droits l\u00e9gaux en tant que consommateur, ni n&#8217;affecte votre contrat de droits d&#8217;annulation.[\/vc_column_text][vc_column_text css_animation=&#8221;right-to-left&#8221;]Nous ne serons pas responsables de fa\u00e7on contractuelle, d\u00e9lictuelle (y compris, sans s&#8217;y limiter, de n\u00e9gligence), pr\u00e9-contrat ou d&#8217;autres repr\u00e9sentations (autres que les d\u00e9clarations frauduleuses ou de n\u00e9gligence) ou autrement sur ou en relation avec les conditions de:<br \/>\n\uf0a7 les pertes \u00e9conomiques (y compris, perte de revenus, de b\u00e9n\u00e9fices, de contrats, d&#8217;affaires ou d&#8217;\u00e9conomies anticip\u00e9es limitation); ou<br \/>\n\uf0a7 toute perte de client\u00e8le ou de r\u00e9putation; ou<br \/>\n\uf0a7 les pertes sp\u00e9ciales ou indirectes<br \/>\nsubies ou engag\u00e9es par ces partie d\u00e9coulant de ou en relation avec les dispositions de toute question dans ces conditions.<br \/>\nRien dans les conditions ne peut exclure ou limiter notre responsabilit\u00e9 en cas de d\u00e9c\u00e8s ou de blessures r\u00e9sultant de notre n\u00e9gligence ou celle de nos employ\u00e9s, agents ou employ\u00e9s.<br \/>\nEn accord avec les lois<br \/>\nLe site web ne peut \u00eatre utilis\u00e9 qu&#8217;\u00e0 des fins l\u00e9gales et d&#8217;une mani\u00e8re l\u00e9gale. Vous vous engagez \u00e0 respecter toutes les lois applicables, les lois et r\u00e8glements concernant le site web et les transactions effectu\u00e9es sur ou via le site Web.<br \/>\nLoi en vigueur<br \/>\nLes conditions sont r\u00e9gies et interpr\u00e9t\u00e9es conform\u00e9ment aux lois de l&#8217;Angleterre et vous vous soumettez irr\u00e9vocablement \u00e0 la comp\u00e9tence exclusive des tribunaux d&#8217;Angleterre[\/vc_column_text][\/vc_column][\/vc_row][vc_row content_placement=&#8221;middle&#8221; bg_type=&#8221;image&#8221; parallax_style=&#8221;vcpb-vz-jquery&#8221; bg_image_new=&#8221;id^4|url^http:\/\/www.thedatatouch.com\/wp-content\/uploads\/2016\/09\/750442_Numbers_light.jpg|caption^null|alt^null|title^750442_numbers_light|description^null&#8221; bg_image_repeat=&#8221;no-repeat&#8221; parallax_sense=&#8221;17&#8243; bg_override=&#8221;full&#8221; disable_on_mobile_img_parallax=&#8221;disable_on_mobile_img_parallax_value&#8221; fadeout_row=&#8221;fadeout_row_value&#8221; css=&#8221;.vc_custom_1479837120893{margin-top: 0px !important;margin-bottom: 0px !important;padding-top: 200px !important;padding-bottom: 200px !important;}&#8221;][vc_column][vc_column_text]\n<h2 style=\"text-align: center;\"><span style=\"color: #ffffff;\">Termes &amp; Conditions<\/span><\/h2>\n[\/vc_column_text][\/vc_column][\/vc_row]","protected":false},"excerpt":{"rendered":"<p>[vc_row css=&#8221;.vc_custom_1479834805060{padding-top: -20px !important;}&#8221;][vc_column][vc_column_text css_animation=&#8221;top-to-bottom&#8221;] Terms &amp; Conditions [\/vc_column_text][\/vc_column][\/vc_row][vc_row css=&#8221;.vc_custom_1455930372803{padding-bottom: 40px !important;}&#8221;][vc_column width=&#8221;1\/2&#8243; css=&#8221;.vc_custom_1455930368450{padding-bottom: 40px !important;}&#8221;][vc_column_text css_animation=&#8221;left-to-right&#8221;]L&#8217;accessibilit\u00e9 de notre site web : The Data Touch est d\u00e9termin\u00e9 \u00e0 rendre sa pr\u00e9sence en ligne, www.thedatatouch.com, aussi accessible que possible pour tout le monde. Si vous avez des commentaires ou des suggestions sur les questions d&#8217;accessibilit\u00e9 web [&hellip;]<\/p>\n","protected":false},"author":1,"featured_media":0,"parent":0,"menu_order":0,"comment_status":"closed","ping_status":"closed","template":"","meta":{"footnotes":""},"class_list":["post-11748","page","type-page","status-publish","hentry"],"_links":{"self":[{"href":"https:\/\/www.thedatatouch.com\/fr\/wp-json\/wp\/v2\/pages\/11748","targetHints":{"allow":["GET"]}}],"collection":[{"href":"https:\/\/www.thedatatouch.com\/fr\/wp-json\/wp\/v2\/pages"}],"about":[{"href":"https:\/\/www.thedatatouch.com\/fr\/wp-json\/wp\/v2\/types\/page"}],"author":[{"embeddable":true,"href":"https:\/\/www.thedatatouch.com\/fr\/wp-json\/wp\/v2\/users\/1"}],"replies":[{"embeddable":true,"href":"https:\/\/www.thedatatouch.com\/fr\/wp-json\/wp\/v2\/comments?post=11748"}],"version-history":[{"count":6,"href":"https:\/\/www.thedatatouch.com\/fr\/wp-json\/wp\/v2\/pages\/11748\/revisions"}],"predecessor-version":[{"id":11843,"href":"https:\/\/www.thedatatouch.com\/fr\/wp-json\/wp\/v2\/pages\/11748\/revisions\/11843"}],"wp:attachment":[{"href":"https:\/\/www.thedatatouch.com\/fr\/wp-json\/wp\/v2\/media?parent=11748"}],"curies":[{"name":"wp","href":"https:\/\/api.w.org\/{rel}","templated":true}]}}