{"id":11781,"date":"2016-11-26T01:32:01","date_gmt":"2016-11-26T01:32:01","guid":{"rendered":"http:\/\/www.thedatatouch.com\/cookie-policy\/"},"modified":"2016-12-13T18:33:05","modified_gmt":"2016-12-13T18:33:05","slug":"privacy-and-cookie-policies","status":"publish","type":"page","link":"https:\/\/www.thedatatouch.com\/fr\/privacy-and-cookie-policies\/","title":{"rendered":"R\u00e8gles pour les Cookies"},"content":{"rendered":"[vc_row][vc_column width=&#8221;1\/2&#8243;][vc_column_text]Utilisation des donn\u00e9es personnelles<br \/>\nNous traiterons toutes vos informations personnelles de fa\u00e7on confidentielle. Elles sont plac\u00e9es sur un serveur s\u00e9curis\u00e9 et de fa\u00e7on conforme aux lois applicables sur la protection des donn\u00e9es au Royaume-Uni et sur le droit du consommateur. Nous nous r\u00e9servons le droit de vous contacter pour vous demander de laisser un commentaire sur notre site Internet ou sur les r\u00e9seaux sociaux que nous utilisons ainsi que pour vous demander de nous fournir une r\u00e9f\u00e9rence \u00e0 la fin de notre contrat.<br \/>\nSi vous \u00eates d\u2019accord, nous pourrons aussi vous informer de nos services ou produits compl\u00e9mentaires qui pourraient vous \u00eatre utile.[\/vc_column_text][\/vc_column][vc_column width=&#8221;1\/2&#8243;][vc_column_text]Utilisation des cookies:<br \/>\nNous utilisons des cookies pour comprendre comment notre site est utilis\u00e9 par nos visiteurs et clients. Les cookies sont de petits fichiers texte que notre site web place sur les disques durs de vos appareils pour stocker des informations sur votre session de site web et pour identifier votre ordinateur. Le type d&#8217;informations que nous capturons via les cookies comprennent: les pages consult\u00e9es sur notre site Web, les canaux marketing utilis\u00e9s pour acc\u00e9der \u00e0 notre site web et les actions prises par nos utilisateurs sur notre site Web, par exemple quand un message via notre page contactez-nous nous est envoy\u00e9.<br \/>\nCependant, toutes les informations saisies par le biais des cookies est totalement anonyme.<br \/>\nNous nous r\u00e9servons le droit d\u2019utiliser des cookies pour les usages suivants :<br \/>\n\uf0a7 Statistiques ou sondage pour am\u00e9liorer notre site Web et ses services pour votre confort<br \/>\n\uf0a7 Pour vous proposer un contenu de site plus adapt\u00e9 ainsi que pour vous proposer des publicit\u00e9s adapt\u00e9es \u00e0 l\u2019usage que vous faites de notre site.<br \/>\n\uf0a7 Pour administrer ce site<br \/>\nSi vous souhaitez d\u00e9sactiver les cookies, vous pouvez modifier les param\u00e8tres de votre navigateur en cons\u00e9quence.[\/vc_column_text][\/vc_column][\/vc_row]","protected":false},"excerpt":{"rendered":"<p>[vc_row][vc_column width=&#8221;1\/2&#8243;][vc_column_text]Utilisation des donn\u00e9es personnelles Nous traiterons toutes vos informations personnelles de fa\u00e7on confidentielle. Elles sont plac\u00e9es sur un serveur s\u00e9curis\u00e9 et de fa\u00e7on conforme aux lois applicables sur la protection des donn\u00e9es au Royaume-Uni et sur le droit du consommateur. Nous nous r\u00e9servons le droit de vous contacter pour vous demander de laisser un [&hellip;]<\/p>\n","protected":false},"author":1,"featured_media":0,"parent":0,"menu_order":0,"comment_status":"closed","ping_status":"closed","template":"","meta":{"footnotes":""},"class_list":["post-11781","page","type-page","status-publish","hentry"],"_links":{"self":[{"href":"https:\/\/www.thedatatouch.com\/fr\/wp-json\/wp\/v2\/pages\/11781","targetHints":{"allow":["GET"]}}],"collection":[{"href":"https:\/\/www.thedatatouch.com\/fr\/wp-json\/wp\/v2\/pages"}],"about":[{"href":"https:\/\/www.thedatatouch.com\/fr\/wp-json\/wp\/v2\/types\/page"}],"author":[{"embeddable":true,"href":"https:\/\/www.thedatatouch.com\/fr\/wp-json\/wp\/v2\/users\/1"}],"replies":[{"embeddable":true,"href":"https:\/\/www.thedatatouch.com\/fr\/wp-json\/wp\/v2\/comments?post=11781"}],"version-history":[{"count":5,"href":"https:\/\/www.thedatatouch.com\/fr\/wp-json\/wp\/v2\/pages\/11781\/revisions"}],"predecessor-version":[{"id":11847,"href":"https:\/\/www.thedatatouch.com\/fr\/wp-json\/wp\/v2\/pages\/11781\/revisions\/11847"}],"wp:attachment":[{"href":"https:\/\/www.thedatatouch.com\/fr\/wp-json\/wp\/v2\/media?parent=11781"}],"curies":[{"name":"wp","href":"https:\/\/api.w.org\/{rel}","templated":true}]}}