{"id":3650,"date":"2016-02-20T00:26:21","date_gmt":"2016-02-20T00:26:21","guid":{"rendered":"http:\/\/firefly.evatheme.com\/demo\/?page_id=3650"},"modified":"2016-12-18T21:19:20","modified_gmt":"2016-12-18T21:19:20","slug":"putting-digital-analytics-in-the-boardroom","status":"publish","type":"page","link":"https:\/\/www.thedatatouch.com\/fr\/putting-digital-analytics-in-the-boardroom\/","title":{"rendered":"Placer le digital analytics au c\u0153ur des d\u00e9cisions"},"content":{"rendered":"[vc_row css=&#8221;.vc_custom_1479836254290{padding-top: 0px !important;}&#8221;][vc_column][vc_column_text]\n<h2 style=\"text-align: center;\">Placer le digital analytics au c\u0153ur des d\u00e9cisions<\/h2>\n[\/vc_column_text][\/vc_column][\/vc_row][vc_row css=&#8221;.vc_custom_1455930372803{padding-bottom: 40px !important;}&#8221;][vc_column width=&#8221;1\/2&#8243; css=&#8221;.vc_custom_1455930368450{padding-bottom: 40px !important;}&#8221;][vc_column_text css_animation=&#8221;left-to-right&#8221;]Tr\u00e8s clairement, notre mission est de placer le digital analytics au c\u0153ur des d\u00e9cisions prises par les entreprises.<\/p>\n<p>Le digital analytics est un atout fondamental pour toute entreprise et il est donc primordial qu&#8217;il soit plus exploit\u00e9.<\/p>\n<p>Avec le r\u00f4le de plus en plus significatif jou\u00e9 par le digital, nous sommes convaincus que le digital analytics est un \u00e9l\u00e9ment absolument cl\u00e9 au d\u00e9veloppement de la strat\u00e9gie d&#8217;entreprise.[\/vc_column_text][\/vc_column][vc_column width=&#8221;1\/2&#8243;][vc_column_text css_animation=&#8221;right-to-left&#8221;]\n<blockquote><p>Le digital analytics n\u2019est pas con\u00e7u uniquement pour le d\u00e9partement digital ou informatique\u202f!<\/p><\/blockquote>\n[\/vc_column_text][\/vc_column][\/vc_row][vc_row content_placement=&#8221;middle&#8221; bg_type=&#8221;image&#8221; parallax_style=&#8221;vcpb-vz-jquery&#8221; bg_image_new=&#8221;id^11661|url^http:\/\/www.thedatatouch.com\/wp-content\/uploads\/2016\/02\/743353_boardroom_2.jpg|caption^null|alt^null|title^743353_boardroom_2|description^null&#8221; bg_image_repeat=&#8221;no-repeat&#8221; parallax_sense=&#8221;17&#8243; bg_override=&#8221;full&#8221; disable_on_mobile_img_parallax=&#8221;disable_on_mobile_img_parallax_value&#8221; fadeout_row=&#8221;fadeout_row_value&#8221; css=&#8221;.vc_custom_1479733627173{margin-top: 0px !important;margin-bottom: 0px !important;padding-top: 200px !important;padding-bottom: 200px !important;}&#8221;][vc_column][vc_column_text]\n<h2 style=\"text-align: center;\"><span style=\"color: #ffffff;\">Travaillez avec nous pour gagner<\/span><\/h2>\n[\/vc_column_text][\/vc_column][\/vc_row]","protected":false},"excerpt":{"rendered":"<p>[vc_row css=&#8221;.vc_custom_1479836254290{padding-top: 0px !important;}&#8221;][vc_column][vc_column_text] Placer le digital analytics au c\u0153ur des d\u00e9cisions [\/vc_column_text][\/vc_column][\/vc_row][vc_row css=&#8221;.vc_custom_1455930372803{padding-bottom: 40px !important;}&#8221;][vc_column width=&#8221;1\/2&#8243; css=&#8221;.vc_custom_1455930368450{padding-bottom: 40px !important;}&#8221;][vc_column_text css_animation=&#8221;left-to-right&#8221;]Tr\u00e8s clairement, notre mission est de placer le digital analytics au c\u0153ur des d\u00e9cisions prises par les entreprises. Le digital analytics est un atout fondamental pour toute entreprise et il est donc primordial qu&#8217;il soit [&hellip;]<\/p>\n","protected":false},"author":1,"featured_media":0,"parent":0,"menu_order":0,"comment_status":"closed","ping_status":"closed","template":"","meta":{"footnotes":""},"class_list":["post-3650","page","type-page","status-publish","hentry"],"_links":{"self":[{"href":"https:\/\/www.thedatatouch.com\/fr\/wp-json\/wp\/v2\/pages\/3650","targetHints":{"allow":["GET"]}}],"collection":[{"href":"https:\/\/www.thedatatouch.com\/fr\/wp-json\/wp\/v2\/pages"}],"about":[{"href":"https:\/\/www.thedatatouch.com\/fr\/wp-json\/wp\/v2\/types\/page"}],"author":[{"embeddable":true,"href":"https:\/\/www.thedatatouch.com\/fr\/wp-json\/wp\/v2\/users\/1"}],"replies":[{"embeddable":true,"href":"https:\/\/www.thedatatouch.com\/fr\/wp-json\/wp\/v2\/comments?post=3650"}],"version-history":[{"count":18,"href":"https:\/\/www.thedatatouch.com\/fr\/wp-json\/wp\/v2\/pages\/3650\/revisions"}],"predecessor-version":[{"id":11885,"href":"https:\/\/www.thedatatouch.com\/fr\/wp-json\/wp\/v2\/pages\/3650\/revisions\/11885"}],"wp:attachment":[{"href":"https:\/\/www.thedatatouch.com\/fr\/wp-json\/wp\/v2\/media?parent=3650"}],"curies":[{"name":"wp","href":"https:\/\/api.w.org\/{rel}","templated":true}]}}